{"id":32,"date":"2021-02-11T11:43:12","date_gmt":"2021-02-11T10:43:12","guid":{"rendered":"http:\/\/www.olmscheid.net\/?page_id=32"},"modified":"2021-02-11T11:46:56","modified_gmt":"2021-02-11T10:46:56","slug":"dorfgemeinschaftshaus","status":"publish","type":"page","link":"http:\/\/www.olmscheid.net\/?page_id=32","title":{"rendered":"Dorfgemeinschaftshaus"},"content":{"rendered":"\n<p>Bei dem Dorfgemeinschaftshaus Olmscheid handelt es sich um die fr\u00fchere, einklassige Volksschule. Der Schulbetrieb wurde bereits Anfang der siebziger Jahre im Zuge der Schulreform eingestellt. Das Geb\u00e4ude steht im Eigentum der Ortsgemeinden Olmscheid (4\/5) und Kickeshausen (1\/5).<\/p>\n\n\n\n<p>Im Rahmen des Dorferneuerungsprogrammes 1995 erfolgte eine Umnutzung in ein Dorfgemeinschaftshaus. Neben den umfangreichen Umbau- und Sanierungsarbeiten am vorhandenen Geb\u00e4ude, wurde ein zweigeschossiger Anbau errichtet.Der Dorfgemeinschaft und den \u00f6rtlichen Vereinen stehen heute folgende R\u00e4umlichkeiten zur Verf\u00fcgung:<\/p>\n\n\n\n<ul class=\"wp-block-list\"><li>Gemeindesaal einschl. B\u00fchnenbereich, 145 qm<\/li><li>Teek\u00fcche, 16 qm<\/li><li>Mehrzweckraum 1, 24 qm<\/li><li>Mehrzweckraum 2, 29 qm<br>au\u00dferdem Duschraum f\u00fcr Sportverein, Sanit\u00e4r-und Abstellr\u00e4ume.<br>Bauzeit: von 1995 bis Mitte 1997<br>Gesamtbaukosten: rd. 730.000 DM<br>Einweihung: 21.09.1997<\/li><\/ul>\n\n\n\n<div class=\"wp-block-image\"><figure class=\"aligncenter size-large\"><img loading=\"lazy\" decoding=\"async\" width=\"563\" height=\"357\" src=\"http:\/\/www.olmscheid.net\/wp-content\/uploads\/2021\/02\/DGH_Skizze.png\" alt=\"Bild: Skizze des Dorfgemeinschaftshauses\" class=\"wp-image-19\" srcset=\"http:\/\/www.olmscheid.net\/wp-content\/uploads\/2021\/02\/DGH_Skizze.png 563w, http:\/\/www.olmscheid.net\/wp-content\/uploads\/2021\/02\/DGH_Skizze-300x190.png 300w\" sizes=\"auto, (max-width: 563px) 100vw, 563px\" \/><\/figure><\/div>\n","protected":false},"excerpt":{"rendered":"<p>Bei dem Dorfgemeinschaftshaus Olmscheid handelt es sich um die fr\u00fchere, einklassige Volksschule. Der Schulbetrieb wurde bereits Anfang der siebziger Jahre im Zuge der Schulreform eingestellt. Das Geb\u00e4ude steht im Eigentum der Ortsgemeinden Olmscheid (4\/5) und Kickeshausen (1\/5). Im Rahmen des<\/p>\n","protected":false},"author":1,"featured_media":0,"parent":0,"menu_order":0,"comment_status":"closed","ping_status":"closed","template":"","meta":{"footnotes":""},"class_list":["post-32","page","type-page","status-publish","hentry"],"_links":{"self":[{"href":"http:\/\/www.olmscheid.net\/index.php?rest_route=\/wp\/v2\/pages\/32","targetHints":{"allow":["GET"]}}],"collection":[{"href":"http:\/\/www.olmscheid.net\/index.php?rest_route=\/wp\/v2\/pages"}],"about":[{"href":"http:\/\/www.olmscheid.net\/index.php?rest_route=\/wp\/v2\/types\/page"}],"author":[{"embeddable":true,"href":"http:\/\/www.olmscheid.net\/index.php?rest_route=\/wp\/v2\/users\/1"}],"replies":[{"embeddable":true,"href":"http:\/\/www.olmscheid.net\/index.php?rest_route=%2Fwp%2Fv2%2Fcomments&post=32"}],"version-history":[{"count":2,"href":"http:\/\/www.olmscheid.net\/index.php?rest_route=\/wp\/v2\/pages\/32\/revisions"}],"predecessor-version":[{"id":34,"href":"http:\/\/www.olmscheid.net\/index.php?rest_route=\/wp\/v2\/pages\/32\/revisions\/34"}],"wp:attachment":[{"href":"http:\/\/www.olmscheid.net\/index.php?rest_route=%2Fwp%2Fv2%2Fmedia&parent=32"}],"curies":[{"name":"wp","href":"https:\/\/api.w.org\/{rel}","templated":true}]}}