{"id":40,"date":"2021-02-11T11:49:41","date_gmt":"2021-02-11T10:49:41","guid":{"rendered":"http:\/\/www.olmscheid.net\/?page_id=40"},"modified":"2021-02-11T11:50:12","modified_gmt":"2021-02-11T10:50:12","slug":"gemeindewappen","status":"publish","type":"page","link":"http:\/\/www.olmscheid.net\/?page_id=40","title":{"rendered":"Gemeindewappen"},"content":{"rendered":"\n<p><strong>Wappenbeschreibung:<\/strong><\/p>\n\n\n\n<div class=\"wp-block-image\"><figure class=\"alignright size-large\"><img loading=\"lazy\" decoding=\"async\" width=\"120\" height=\"130\" src=\"http:\/\/www.olmscheid.net\/wp-content\/uploads\/2021\/02\/Wappen.gif\" alt=\"Bild: Wappen der Ortsgemeinde Olmscheid\" class=\"wp-image-12\"\/><\/figure><\/div>\n\n\n\n<p>\u201e\u00dcber gr\u00fcnem Dreiberg von Rot und Silber schr\u00e4g geteilt, vorn gr\u00fcner einbl\u00e4ttriger Ulmenzweig mit drei birnenf\u00f6rmigen Samenkapseln mit silbernen Samen, hinten silberne Winkel und Zimmermannsbeil gekreuzt\u201c<\/p>\n\n\n\n<p><strong>Wappenbegr\u00fcndung:<\/strong><\/p>\n\n\n\n<p>Die Heroldsfarben des schr\u00e4g geteilten Schildes sind Rot \u00fcber Silber. Das sind die Farben der Abtei Pr\u00fcm und ihrer V\u00f6gte der Grafen von Vianden auf deren einstigem Gebiet Olmscheid liegt. Der gr\u00fcne Dreiberg symbolisiert die H\u00f6henr\u00fcckenlage der Gemeinde und der gr\u00fcne einbl\u00e4ttrige Ulmenzweig mit drei gefl\u00fcgelten Samenkapseln soll den Ort selbst und die drei au\u00dferhalb liegenden Ortsteile redend darstellen. Die silbernen Zimmermannswerkzeuge Beil und Winkel sind Attribute des Kirchenpatrons St. Josef von Nazareth.<\/p>\n\n\n\n<p><em>Das Wappen wurde durch Dr. Christian Credner, Lambertsberg, unter Mithilfe von Johann Weires, Marga Elsen, Ingo Kleis, Leo Kockelmann, Rosi Moser, Michael Nickels und Hans-Wilhelm Schares entworfen. Der Ortsgemeinde Olmscheid wurde am 15. Juni 2012 die Genehmigung zur F\u00fchrung eines Gemeindewappens durch die Kommunalaufsicht des Eifelkreises Bitburg-Pr\u00fcm erteilt.<\/em><\/p>\n","protected":false},"excerpt":{"rendered":"<p>Wappenbeschreibung: \u201e\u00dcber gr\u00fcnem Dreiberg von Rot und Silber schr\u00e4g geteilt, vorn gr\u00fcner einbl\u00e4ttriger Ulmenzweig mit drei birnenf\u00f6rmigen Samenkapseln mit silbernen Samen, hinten silberne Winkel und Zimmermannsbeil gekreuzt\u201c Wappenbegr\u00fcndung: Die Heroldsfarben des schr\u00e4g geteilten Schildes sind Rot \u00fcber Silber. Das sind<\/p>\n","protected":false},"author":1,"featured_media":0,"parent":0,"menu_order":0,"comment_status":"closed","ping_status":"closed","template":"","meta":{"footnotes":""},"class_list":["post-40","page","type-page","status-publish","hentry"],"_links":{"self":[{"href":"http:\/\/www.olmscheid.net\/index.php?rest_route=\/wp\/v2\/pages\/40","targetHints":{"allow":["GET"]}}],"collection":[{"href":"http:\/\/www.olmscheid.net\/index.php?rest_route=\/wp\/v2\/pages"}],"about":[{"href":"http:\/\/www.olmscheid.net\/index.php?rest_route=\/wp\/v2\/types\/page"}],"author":[{"embeddable":true,"href":"http:\/\/www.olmscheid.net\/index.php?rest_route=\/wp\/v2\/users\/1"}],"replies":[{"embeddable":true,"href":"http:\/\/www.olmscheid.net\/index.php?rest_route=%2Fwp%2Fv2%2Fcomments&post=40"}],"version-history":[{"count":2,"href":"http:\/\/www.olmscheid.net\/index.php?rest_route=\/wp\/v2\/pages\/40\/revisions"}],"predecessor-version":[{"id":42,"href":"http:\/\/www.olmscheid.net\/index.php?rest_route=\/wp\/v2\/pages\/40\/revisions\/42"}],"wp:attachment":[{"href":"http:\/\/www.olmscheid.net\/index.php?rest_route=%2Fwp%2Fv2%2Fmedia&parent=40"}],"curies":[{"name":"wp","href":"https:\/\/api.w.org\/{rel}","templated":true}]}}