{"id":53,"date":"2021-02-11T11:58:35","date_gmt":"2021-02-11T10:58:35","guid":{"rendered":"http:\/\/www.olmscheid.net\/?page_id=53"},"modified":"2021-02-11T11:58:35","modified_gmt":"2021-02-11T10:58:35","slug":"impressum","status":"publish","type":"page","link":"http:\/\/www.olmscheid.net\/?page_id=53","title":{"rendered":"Impressum"},"content":{"rendered":"\n<p>Ortsgemeinde Olmscheid<br>\u00fcber<br>Verbandsgemeindeverwaltung Arzfeld<br>Luxemburger Stra\u00dfe 6<br>54687 Arzfeld<br>Telefon: 06550 &#8211; 9740<br>E-Mail: <a href=\"mailto:info@olmscheid.net\">info(at)olmscheid.net<\/a><br>Internet: www.olmscheid.net<\/p>\n\n\n\n<p>Die Ortsgemeinde Olmscheid ist eine K\u00f6rperschaft des \u00f6ffentlichen Rechts. Sie wird vertreten durch den Ortsb\u00fcrgermeister.<\/p>\n\n\n\n<p>Haftungshinweis:<br>Trotz sorgf\u00e4ltiger inhaltlicher Kontrolle \u00fcbernehmen wir keine Haftung f\u00fcr die Inhalte externer Links. F\u00fcr den Inhalt der verlinkten Seiten sind ausschlie\u00dflich deren Betreiber verantwortlich!<\/p>\n\n\n\n<p>Autor:<br>Verbandsgemeindeverwaltung Arzfeld<br>E-Mail: <a href=\"mailto:webmaster@olmscheid.net\">webmaster(at)olmscheid.net<\/a><\/p>\n","protected":false},"excerpt":{"rendered":"<p>Ortsgemeinde Olmscheid\u00fcberVerbandsgemeindeverwaltung ArzfeldLuxemburger Stra\u00dfe 654687 ArzfeldTelefon: 06550 &#8211; 9740E-Mail: info(at)olmscheid.netInternet: www.olmscheid.net Die Ortsgemeinde Olmscheid ist eine K\u00f6rperschaft des \u00f6ffentlichen Rechts. Sie wird vertreten durch den Ortsb\u00fcrgermeister. Haftungshinweis:Trotz sorgf\u00e4ltiger inhaltlicher Kontrolle \u00fcbernehmen wir keine Haftung f\u00fcr die Inhalte externer Links. F\u00fcr<\/p>\n","protected":false},"author":1,"featured_media":0,"parent":0,"menu_order":0,"comment_status":"closed","ping_status":"closed","template":"","meta":{"footnotes":""},"class_list":["post-53","page","type-page","status-publish","hentry"],"_links":{"self":[{"href":"http:\/\/www.olmscheid.net\/index.php?rest_route=\/wp\/v2\/pages\/53","targetHints":{"allow":["GET"]}}],"collection":[{"href":"http:\/\/www.olmscheid.net\/index.php?rest_route=\/wp\/v2\/pages"}],"about":[{"href":"http:\/\/www.olmscheid.net\/index.php?rest_route=\/wp\/v2\/types\/page"}],"author":[{"embeddable":true,"href":"http:\/\/www.olmscheid.net\/index.php?rest_route=\/wp\/v2\/users\/1"}],"replies":[{"embeddable":true,"href":"http:\/\/www.olmscheid.net\/index.php?rest_route=%2Fwp%2Fv2%2Fcomments&post=53"}],"version-history":[{"count":1,"href":"http:\/\/www.olmscheid.net\/index.php?rest_route=\/wp\/v2\/pages\/53\/revisions"}],"predecessor-version":[{"id":54,"href":"http:\/\/www.olmscheid.net\/index.php?rest_route=\/wp\/v2\/pages\/53\/revisions\/54"}],"wp:attachment":[{"href":"http:\/\/www.olmscheid.net\/index.php?rest_route=%2Fwp%2Fv2%2Fmedia&parent=53"}],"curies":[{"name":"wp","href":"https:\/\/api.w.org\/{rel}","templated":true}]}}