{"id":8,"date":"2021-02-11T11:22:34","date_gmt":"2021-02-11T10:22:34","guid":{"rendered":"http:\/\/www.olmscheid.net\/?page_id=8"},"modified":"2023-05-09T12:44:36","modified_gmt":"2023-05-09T10:44:36","slug":"startseite","status":"publish","type":"page","link":"http:\/\/www.olmscheid.net\/","title":{"rendered":"Startseite"},"content":{"rendered":"\n<div class=\"alignnormal\"><div id=\"metaslider-id-23\" style=\"width: 100%;\" class=\"ml-slider-3-108-0 metaslider metaslider-flex metaslider-23 ml-slider has-dots-nav ms-theme-default\" role=\"region\" aria-label=\"DGH\" data-height=\"300\" data-width=\"700\">\n    <div id=\"metaslider_container_23\">\n        <div id=\"metaslider_23\">\n            <ul class='slides'>\n                <li style=\"display: block; width: 100%;\" class=\"slide-24 ms-image \" aria-roledescription=\"slide\" data-date=\"2021-02-11 11:33:47\" data-filename=\"DGH_aussen3-450x192.jpg\" data-slide-type=\"image\"><img loading=\"lazy\" decoding=\"async\" src=\"http:\/\/www.olmscheid.net\/wp-content\/uploads\/2021\/02\/DGH_aussen3-450x192.jpg\" height=\"300\" width=\"700\" alt=\"\" class=\"slider-23 slide-24 msDefaultImage\" title=\"Dorfgemeinschaftshaus Olmscheid\" \/><\/li>\n                <li style=\"display: none; width: 100%;\" class=\"slide-25 ms-image \" aria-roledescription=\"slide\" data-date=\"2021-02-11 11:34:04\" data-filename=\"DGH_aussen2-450x192.jpg\" data-slide-type=\"image\"><img loading=\"lazy\" decoding=\"async\" src=\"http:\/\/www.olmscheid.net\/wp-content\/uploads\/2021\/02\/DGH_aussen2-450x192.jpg\" height=\"300\" width=\"700\" alt=\"Dorfgemeinschaftshaus Olmscheid\" class=\"slider-23 slide-25 msDefaultImage\" title=\"Dorfgemeinschaftshaus Olmscheid\" \/><\/li>\n                <li style=\"display: none; width: 100%;\" class=\"slide-26 ms-image \" aria-roledescription=\"slide\" data-date=\"2021-02-11 11:34:20\" data-filename=\"DGH_aussen1-450x192.jpg\" data-slide-type=\"image\"><img loading=\"lazy\" decoding=\"async\" src=\"http:\/\/www.olmscheid.net\/wp-content\/uploads\/2021\/02\/DGH_aussen1-450x192.jpg\" height=\"300\" width=\"700\" alt=\"Dorfgemeinschaftshaus Olmscheid\" class=\"slider-23 slide-26 msDefaultImage\" title=\"Dorfgemeinschaftshaus Olmscheid\" \/><\/li>\n                <li style=\"display: none; width: 100%;\" class=\"slide-27 ms-image \" aria-roledescription=\"slide\" data-date=\"2021-02-11 11:34:50\" data-filename=\"DGH_innen2-450x192.jpg\" data-slide-type=\"image\"><img loading=\"lazy\" decoding=\"async\" src=\"http:\/\/www.olmscheid.net\/wp-content\/uploads\/2021\/02\/DGH_innen2-450x192.jpg\" height=\"300\" width=\"700\" alt=\"Dorfgemeinschaftshaus Olmscheid\" class=\"slider-23 slide-27 msDefaultImage\" title=\"Dorfgemeinschaftshaus Olmscheid\" \/><\/li>\n                <li style=\"display: none; width: 100%;\" class=\"slide-28 ms-image \" aria-roledescription=\"slide\" data-date=\"2021-02-11 11:35:03\" data-filename=\"DGH_innen1-450x192.jpg\" data-slide-type=\"image\"><img loading=\"lazy\" decoding=\"async\" src=\"http:\/\/www.olmscheid.net\/wp-content\/uploads\/2021\/02\/DGH_innen1-450x192.jpg\" height=\"300\" width=\"700\" alt=\"Dorfgemeinschaftshaus Olmscheid\" class=\"slider-23 slide-28 msDefaultImage\" title=\"Dorfgemeinschaftshaus Olmscheid\" \/><\/li>\n            <\/ul>\n        <\/div>\n        \n    <\/div>\n<\/div><\/div>\n\n\n\n<p>Herzlich willkommen auf der Internetseite der Ortsgemeinde Olmscheid. Ich darf Sie zu einem virtuellen Bummel durch unseren sch\u00f6nen Eifelort einladen. Gerne w\u00fcrde ich Sie auch gelegentlich pers\u00f6nlich bei uns willkommen hei\u00dfen!<\/p>\n\n\n\n<p>Ingo Kleis<br>Ortsb\u00fcrgermeister<\/p>\n\n\n\n<p><\/p>\n","protected":false},"excerpt":{"rendered":"<p>Herzlich willkommen auf der Internetseite der Ortsgemeinde Olmscheid. Ich darf Sie zu einem virtuellen Bummel durch unseren sch\u00f6nen Eifelort einladen. Gerne w\u00fcrde ich Sie auch gelegentlich pers\u00f6nlich bei uns willkommen hei\u00dfen! Ingo KleisOrtsb\u00fcrgermeister<\/p>\n","protected":false},"author":1,"featured_media":0,"parent":0,"menu_order":0,"comment_status":"closed","ping_status":"closed","template":"","meta":{"footnotes":""},"class_list":["post-8","page","type-page","status-publish","hentry"],"_links":{"self":[{"href":"http:\/\/www.olmscheid.net\/index.php?rest_route=\/wp\/v2\/pages\/8","targetHints":{"allow":["GET"]}}],"collection":[{"href":"http:\/\/www.olmscheid.net\/index.php?rest_route=\/wp\/v2\/pages"}],"about":[{"href":"http:\/\/www.olmscheid.net\/index.php?rest_route=\/wp\/v2\/types\/page"}],"author":[{"embeddable":true,"href":"http:\/\/www.olmscheid.net\/index.php?rest_route=\/wp\/v2\/users\/1"}],"replies":[{"embeddable":true,"href":"http:\/\/www.olmscheid.net\/index.php?rest_route=%2Fwp%2Fv2%2Fcomments&post=8"}],"version-history":[{"count":4,"href":"http:\/\/www.olmscheid.net\/index.php?rest_route=\/wp\/v2\/pages\/8\/revisions"}],"predecessor-version":[{"id":96,"href":"http:\/\/www.olmscheid.net\/index.php?rest_route=\/wp\/v2\/pages\/8\/revisions\/96"}],"wp:attachment":[{"href":"http:\/\/www.olmscheid.net\/index.php?rest_route=%2Fwp%2Fv2%2Fmedia&parent=8"}],"curies":[{"name":"wp","href":"https:\/\/api.w.org\/{rel}","templated":true}]}}